{"id":10787,"date":"2025-03-11T11:38:10","date_gmt":"2025-03-11T10:38:10","guid":{"rendered":"https:\/\/shop.visitmaribor.si\/izdelki\/unkategorisiert\/t-shirt-discover-maribor-mann\/"},"modified":"2025-03-12T12:29:51","modified_gmt":"2025-03-12T11:29:51","slug":"t-shirt-discover-maribor-mann","status":"publish","type":"product","link":"https:\/\/shop.visitmaribor.si\/de\/produkte\/kleider-de\/t-shirt-discover-maribor-mann\/","title":{"rendered":"T-Shirt Discover Maribor Mann"},"content":{"rendered":"<p>T-Shirt mit kurzen \u00c4rmeln f\u00fcr M\u00e4nner in wei\u00dfer oder schwarzer Farbe.<\/p>\n<p>100% Baumwolle.<\/p>\n","protected":false},"excerpt":{"rendered":"<p>T-Shirt mit kurzen \u00c4rmeln f\u00fcr M\u00e4nner in wei\u00dfer oder schwarzer Farbe. 100% Baumwolle.<\/p>\n","protected":false},"featured_media":9134,"comment_status":"open","ping_status":"open","template":"","meta":{"_acf_changed":false},"product_brand":[],"product_cat":[931,927],"product_tag":[],"class_list":{"0":"post-10787","1":"product","2":"type-product","3":"status-publish","4":"has-post-thumbnail","6":"product_cat-discover-maribor-de","7":"product_cat-kleider-de","9":"first","10":"instock","11":"taxable","12":"shipping-taxable","13":"purchasable","14":"product-type-variable"},"acf":[],"_links":{"self":[{"href":"https:\/\/shop.visitmaribor.si\/de\/wp-json\/wp\/v2\/product\/10787","targetHints":{"allow":["GET"]}}],"collection":[{"href":"https:\/\/shop.visitmaribor.si\/de\/wp-json\/wp\/v2\/product"}],"about":[{"href":"https:\/\/shop.visitmaribor.si\/de\/wp-json\/wp\/v2\/types\/product"}],"replies":[{"embeddable":true,"href":"https:\/\/shop.visitmaribor.si\/de\/wp-json\/wp\/v2\/comments?post=10787"}],"wp:featuredmedia":[{"embeddable":true,"href":"https:\/\/shop.visitmaribor.si\/de\/wp-json\/wp\/v2\/media\/9134"}],"wp:attachment":[{"href":"https:\/\/shop.visitmaribor.si\/de\/wp-json\/wp\/v2\/media?parent=10787"}],"wp:term":[{"taxonomy":"product_brand","embeddable":true,"href":"https:\/\/shop.visitmaribor.si\/de\/wp-json\/wp\/v2\/product_brand?post=10787"},{"taxonomy":"product_cat","embeddable":true,"href":"https:\/\/shop.visitmaribor.si\/de\/wp-json\/wp\/v2\/product_cat?post=10787"},{"taxonomy":"product_tag","embeddable":true,"href":"https:\/\/shop.visitmaribor.si\/de\/wp-json\/wp\/v2\/product_tag?post=10787"}],"curies":[{"name":"wp","href":"https:\/\/api.w.org\/{rel}","templated":true}]}}