{"id":10830,"date":"2025-03-10T15:07:20","date_gmt":"2025-03-10T14:07:20","guid":{"rendered":"https:\/\/shop.visitmaribor.si\/izdelki\/unkategorisiert\/schluesselanhaenger-alte-rebe\/"},"modified":"2025-03-12T12:31:20","modified_gmt":"2025-03-12T11:31:20","slug":"schluesselanhaenger-alte-rebe","status":"publish","type":"product","link":"https:\/\/shop.visitmaribor.si\/de\/produkte\/die-alteste-weinrebe\/schluesselanhaenger-alte-rebe\/","title":{"rendered":"Schl\u00fcsselanh\u00e4nger Alte Rebe"},"content":{"rendered":"<p>Schl\u00fcsselanh\u00e4nger mit Korkverschluss und Aufschrift Alte Rebe.<\/p>\n","protected":false},"excerpt":{"rendered":"<p>Schl\u00fcsselanh\u00e4nger mit Korkverschluss und Aufschrift Alte Rebe.<\/p>\n","protected":false},"featured_media":9213,"comment_status":"open","ping_status":"open","template":"","meta":{"_acf_changed":false},"product_brand":[],"product_cat":[925,935],"product_tag":[],"class_list":{"0":"post-10830","1":"product","2":"type-product","3":"status-publish","4":"has-post-thumbnail","6":"product_cat-die-alteste-weinrebe","7":"product_cat-weinzubehor","9":"first","10":"instock","11":"taxable","12":"shipping-taxable","13":"purchasable","14":"product-type-simple"},"acf":[],"_links":{"self":[{"href":"https:\/\/shop.visitmaribor.si\/de\/wp-json\/wp\/v2\/product\/10830","targetHints":{"allow":["GET"]}}],"collection":[{"href":"https:\/\/shop.visitmaribor.si\/de\/wp-json\/wp\/v2\/product"}],"about":[{"href":"https:\/\/shop.visitmaribor.si\/de\/wp-json\/wp\/v2\/types\/product"}],"replies":[{"embeddable":true,"href":"https:\/\/shop.visitmaribor.si\/de\/wp-json\/wp\/v2\/comments?post=10830"}],"wp:featuredmedia":[{"embeddable":true,"href":"https:\/\/shop.visitmaribor.si\/de\/wp-json\/wp\/v2\/media\/9213"}],"wp:attachment":[{"href":"https:\/\/shop.visitmaribor.si\/de\/wp-json\/wp\/v2\/media?parent=10830"}],"wp:term":[{"taxonomy":"product_brand","embeddable":true,"href":"https:\/\/shop.visitmaribor.si\/de\/wp-json\/wp\/v2\/product_brand?post=10830"},{"taxonomy":"product_cat","embeddable":true,"href":"https:\/\/shop.visitmaribor.si\/de\/wp-json\/wp\/v2\/product_cat?post=10830"},{"taxonomy":"product_tag","embeddable":true,"href":"https:\/\/shop.visitmaribor.si\/de\/wp-json\/wp\/v2\/product_tag?post=10830"}],"curies":[{"name":"wp","href":"https:\/\/api.w.org\/{rel}","templated":true}]}}