{"id":10856,"date":"2025-03-10T15:07:37","date_gmt":"2025-03-10T14:07:37","guid":{"rendered":"https:\/\/shop.visitmaribor.si\/izdelki\/unkategorisiert\/maribor-entdecken-fuer-familien\/"},"modified":"2025-03-12T12:28:05","modified_gmt":"2025-03-12T11:28:05","slug":"maribor-entdecken-fuer-familien","status":"publish","type":"product","link":"https:\/\/shop.visitmaribor.si\/de\/produkte\/geschenkpakete-de\/maribor-entdecken-fuer-familien\/","title":{"rendered":"Maribor Entdecken f\u00fcr Familien"},"content":{"rendered":"<p>Paket beinhaltet:<\/p>\n<ul>\n<li>Geschenkgutschein f\u00fcr eine F\u00fchrung durch Maribor f\u00fcr bis zu 5 Personen,<\/li>\n<li>5 Postkarten Maribor,<\/li>\n<li>Kugelschreiber Discover Maribor<\/li>\n<\/ul>\n","protected":false},"excerpt":{"rendered":"<p>Paket beinhaltet: Geschenkgutschein f\u00fcr eine F\u00fchrung durch Maribor f\u00fcr bis zu 5 Personen, 5 Postkarten Maribor, Kugelschreiber Discover Maribor<\/p>\n","protected":false},"featured_media":9276,"comment_status":"open","ping_status":"open","template":"","meta":{"_acf_changed":false},"product_brand":[],"product_cat":[932],"product_tag":[],"class_list":{"0":"post-10856","1":"product","2":"type-product","3":"status-publish","4":"has-post-thumbnail","6":"product_cat-geschenkpakete-de","8":"first","9":"instock","10":"taxable","11":"shipping-taxable","12":"purchasable","13":"product-type-simple"},"acf":[],"_links":{"self":[{"href":"https:\/\/shop.visitmaribor.si\/de\/wp-json\/wp\/v2\/product\/10856","targetHints":{"allow":["GET"]}}],"collection":[{"href":"https:\/\/shop.visitmaribor.si\/de\/wp-json\/wp\/v2\/product"}],"about":[{"href":"https:\/\/shop.visitmaribor.si\/de\/wp-json\/wp\/v2\/types\/product"}],"replies":[{"embeddable":true,"href":"https:\/\/shop.visitmaribor.si\/de\/wp-json\/wp\/v2\/comments?post=10856"}],"wp:featuredmedia":[{"embeddable":true,"href":"https:\/\/shop.visitmaribor.si\/de\/wp-json\/wp\/v2\/media\/9276"}],"wp:attachment":[{"href":"https:\/\/shop.visitmaribor.si\/de\/wp-json\/wp\/v2\/media?parent=10856"}],"wp:term":[{"taxonomy":"product_brand","embeddable":true,"href":"https:\/\/shop.visitmaribor.si\/de\/wp-json\/wp\/v2\/product_brand?post=10856"},{"taxonomy":"product_cat","embeddable":true,"href":"https:\/\/shop.visitmaribor.si\/de\/wp-json\/wp\/v2\/product_cat?post=10856"},{"taxonomy":"product_tag","embeddable":true,"href":"https:\/\/shop.visitmaribor.si\/de\/wp-json\/wp\/v2\/product_tag?post=10856"}],"curies":[{"name":"wp","href":"https:\/\/api.w.org\/{rel}","templated":true}]}}